{"id":852,"date":"2020-03-16T12:18:52","date_gmt":"2020-03-16T11:18:52","guid":{"rendered":"http:\/\/nowa.aludesign.pl\/contact-us\/"},"modified":"2025-10-21T08:45:31","modified_gmt":"2025-10-21T06:45:31","slug":"contact-us","status":"publish","type":"page","link":"https:\/\/www.aludesign.pl\/en\/contact-us\/","title":{"rendered":"Contact Us"},"content":{"rendered":"<p>[et_pb_section fb_built=&#8221;1&#8243; fullwidth=&#8221;on&#8221; _builder_version=&#8221;4.16&#8243; background_color=&#8221;#ffa300&#8243; custom_margin=&#8221;0px||0px||false|false&#8221; custom_padding=&#8221;0px||0px||false|false&#8221; global_colors_info=&#8221;{}&#8221;][et_pb_fullwidth_code _builder_version=&#8221;4.16&#8243; custom_margin=&#8221;0px||0px||false|false&#8221; custom_padding=&#8221;0px||0px||false|false&#8221; global_colors_info=&#8221;{}&#8221;]<a name=\"dane\"><\/a>[\/et_pb_fullwidth_code][\/et_pb_section][et_pb_section fb_built=&#8221;1&#8243; _builder_version=&#8221;4.16&#8243; background_color=&#8221;#373A36&#8243; custom_margin=&#8221;||0px||false|false&#8221; custom_padding=&#8221;||54px||false|false&#8221; global_colors_info=&#8221;{}&#8221;][et_pb_row _builder_version=&#8221;4.16&#8243; global_colors_info=&#8221;{}&#8221;][et_pb_column type=&#8221;4_4&#8243; _builder_version=&#8221;4.16&#8243; global_colors_info=&#8221;{}&#8221;][et_pb_text _builder_version=&#8221;4.16&#8243; global_colors_info=&#8221;{}&#8221;]<\/p>\n<h1 class=\"pomaranczowy-pasek\" style=\"text-align: center;\">CONTACT US<\/h1>\n<p>[\/et_pb_text][\/et_pb_column][\/et_pb_row][et_pb_row column_structure=&#8221;1_3,1_3,1_3&#8243; make_equal=&#8221;on&#8221; _builder_version=&#8221;4.16&#8243; width=&#8221;100%&#8221; global_colors_info=&#8221;{}&#8221;][et_pb_column type=&#8221;1_3&#8243; _builder_version=&#8221;4.16&#8243; custom_padding=&#8221;|20px||20px|false|true&#8221; global_colors_info=&#8221;{}&#8221;][et_pb_text _builder_version=&#8221;4.16&#8243; text_text_color=&#8221;#ffffff&#8221; header_2_font=&#8221;|300|||||||&#8221; header_2_font_size=&#8221;20px&#8221; animation_style=&#8221;slide&#8221; animation_direction=&#8221;left&#8221; animation_duration=&#8221;1500ms&#8221; global_colors_info=&#8221;{}&#8221;]<\/p>\n<h2 style=\"text-align: center;\">Company\u2019s seat<\/h2>\n<p style=\"text-align: center;\">ALUDESIGN S.A. (stock company)<br \/> Byczy\u0144ska 37<br \/>46-310 Gorz\u00f3w \u015al\u0105ski, Poland<br \/> tel. <a href=\"tel:+48 34 350 54 50\">+48 34 350 54 50<\/a><br \/> <a href=\"mailto:info@aludesign.pl\"> info@aludesign.pl<\/a><\/p>\n<p>[\/et_pb_text][\/et_pb_column][et_pb_column type=&#8221;1_3&#8243; _builder_version=&#8221;4.16&#8243; custom_padding=&#8221;|20px||20px|false|true&#8221; global_colors_info=&#8221;{}&#8221;][et_pb_image src=&#8221;https:\/\/www.aludesign.pl\/wp-content\/uploads\/2020\/04\/mapka_200x200px.png&#8221; url=&#8221;#map&#8221; align=&#8221;center&#8221; _builder_version=&#8221;4.16&#8243; width=&#8221;50%&#8221; width_tablet=&#8221;&#8221; width_phone=&#8221;&#8221; width_last_edited=&#8221;on|phone&#8221; global_colors_info=&#8221;{}&#8221;][\/et_pb_image][\/et_pb_column][et_pb_column type=&#8221;1_3&#8243; _builder_version=&#8221;4.16&#8243; custom_padding=&#8221;|20px||20px|false|true&#8221; global_colors_info=&#8221;{}&#8221;][et_pb_text _builder_version=&#8221;4.16&#8243; text_text_color=&#8221;#ffffff&#8221; header_2_font=&#8221;|300|||||||&#8221; header_2_font_size=&#8221;20px&#8221; animation_style=&#8221;slide&#8221; animation_direction=&#8221;right&#8221; animation_duration=&#8221;1500ms&#8221; global_colors_info=&#8221;{}&#8221;]<\/p>\n<h2 style=\"text-align: center;\">Headquarter \/ Invoicing<\/h2>\n<p style=\"text-align: center;\">ALUDESIGN S.A. (stock company)<br \/>ul. Cieszy\u0144ska 23G<br \/>43-170 \u0141aziska G\u00f3rne, Poland<br \/>VAT Reg No: PL5272861210<br \/>NCR: 0000744643<\/p>\n<p>[\/et_pb_text][\/et_pb_column][\/et_pb_row][et_pb_row _builder_version=&#8221;4.16&#8243; custom_margin=&#8221;0px||0px||false|false&#8221; custom_padding=&#8221;0px||0px||false|false&#8221; global_colors_info=&#8221;{}&#8221;][et_pb_column type=&#8221;4_4&#8243; _builder_version=&#8221;4.16&#8243; global_colors_info=&#8221;{}&#8221;][et_pb_divider color=&#8221;#ffa300&#8243; _builder_version=&#8221;4.16&#8243; global_colors_info=&#8221;{}&#8221;][\/et_pb_divider][\/et_pb_column][\/et_pb_row][et_pb_row column_structure=&#8221;1_3,1_3,1_3&#8243; _builder_version=&#8221;4.27.4&#8243; _module_preset=&#8221;default&#8221; saved_tabs=&#8221;all&#8221; global_colors_info=&#8221;{}&#8221;][et_pb_column type=&#8221;1_3&#8243; _builder_version=&#8221;4.27.4&#8243; _module_preset=&#8221;default&#8221; global_colors_info=&#8221;{}&#8221;][et_pb_team_member name=&#8221;Maciej Wolski&#8221; position=&#8221;CEO&#8221; image_url=&#8221;https:\/\/www.aludesign.pl\/wp-content\/uploads\/2025\/01\/1608130845480.jpg&#8221; linkedin_url=&#8221;https:\/\/www.linkedin.com\/in\/maciej-wolski-aa794a57\/&#8221; _builder_version=&#8221;4.27.4&#8243; _module_preset=&#8221;default&#8221; global_colors_info=&#8221;{}&#8221;]<\/p>\n<h5><img loading=\"lazy\" decoding=\"async\" class=\"wp-image-2308 alignnone size-full\" src=\"https:\/\/www.aludesign.pl\/wp-content\/uploads\/2020\/04\/pl.png\" alt=\"\" width=\"18\" height=\"12\" \/>\u00a0 \u00a0 <img loading=\"lazy\" decoding=\"async\" class=\"wp-image-2305 alignnone size-full\" src=\"https:\/\/www.aludesign.pl\/wp-content\/uploads\/2020\/04\/en.png\" alt=\"\" width=\"18\" height=\"12\" \/><\/h5>\n<h5>tel. +48 518 806 669<\/h5>\n<h5>e-mail: <a href=\"mailto:maciej.wolski@aludesign.pl\">maciej.wolski@aludesign.pl<\/a><\/h5>\n<p>[\/et_pb_team_member][\/et_pb_column][et_pb_column type=&#8221;1_3&#8243; _builder_version=&#8221;4.27.4&#8243; _module_preset=&#8221;default&#8221; global_colors_info=&#8221;{}&#8221;][et_pb_team_member name=&#8221;Mateusz Machalica&#8221; position=&#8221;Business Development Manager&#8221; image_url=&#8221;https:\/\/www.aludesign.pl\/wp-content\/uploads\/2025\/01\/1633589514096.jpg&#8221; linkedin_url=&#8221;https:\/\/www.linkedin.com\/in\/mateusz-machalica-6b88b899\/&#8221; _builder_version=&#8221;4.27.4&#8243; _module_preset=&#8221;default&#8221; global_colors_info=&#8221;{}&#8221;]<\/p>\n<h5><img loading=\"lazy\" decoding=\"async\" class=\"wp-image-2308 alignnone size-full\" src=\"https:\/\/www.aludesign.pl\/wp-content\/uploads\/2020\/04\/pl.png\" alt=\"\" width=\"18\" height=\"12\" \/>\u00a0 \u00a0 \u00a0<img loading=\"lazy\" decoding=\"async\" class=\"wp-image-2305 alignnone size-full\" src=\"https:\/\/www.aludesign.pl\/wp-content\/uploads\/2020\/04\/en.png\" alt=\"\" width=\"18\" height=\"12\" \/><\/h5>\n<h5>tel. +48 603 294 242<\/h5>\n<h5>e-mail: <a href=\"mailto:mateusz.machalica@aludesign.pl\">mateusz.machalica@aludesign.pl<\/a><\/h5>\n<p>[\/et_pb_team_member][\/et_pb_column][et_pb_column type=&#8221;1_3&#8243; _builder_version=&#8221;4.27.4&#8243; _module_preset=&#8221;default&#8221; global_colors_info=&#8221;{}&#8221;][et_pb_team_member name=&#8221;Fabian Pawe\u0142czyk&#8221; position=&#8221;Technical Account Manager&#8221; image_url=&#8221;https:\/\/www.aludesign.pl\/wp-content\/uploads\/2025\/03\/Fabian-Pawelczyk-zdjecie-profilowe-M.jpg&#8221; linkedin_url=&#8221;https:\/\/www.linkedin.com\/in\/fabian-pawe%C5%82czyk-0753771b9\/&#8221; _builder_version=&#8221;4.27.4&#8243; _module_preset=&#8221;default&#8221; global_colors_info=&#8221;{}&#8221;]<\/p>\n<h5><img loading=\"lazy\" decoding=\"async\" class=\"wp-image-2308 alignnone size-full\" src=\"https:\/\/www.aludesign.pl\/wp-content\/uploads\/2020\/04\/pl.png\" alt=\"\" width=\"18\" height=\"12\" \/>\u00a0 \u00a0 \u00a0<img loading=\"lazy\" decoding=\"async\" class=\"wp-image-2302 alignnone \" src=\"https:\/\/www.aludesign.pl\/wp-content\/uploads\/2020\/04\/de.png\" alt=\"\" width=\"18\" height=\"12\" \/>\u00a0 \u00a0 \u00a0<img loading=\"lazy\" decoding=\"async\" class=\"wp-image-2305 alignnone size-full\" src=\"https:\/\/www.aludesign.pl\/wp-content\/uploads\/2020\/04\/en.png\" alt=\"\" width=\"18\" height=\"12\" \/><\/h5>\n<h5>tel. +48 518\u00a0835 691<\/h5>\n<h5>e-mail: <a href=\"mailto:fabian.pawelczyk@aludesign.pl\">fabian.pawelczyk@aludesign.pl<\/a><\/h5>\n<p>[\/et_pb_team_member][\/et_pb_column][\/et_pb_row][et_pb_row _builder_version=&#8221;4.16&#8243; custom_margin=&#8221;0px||0px||false|false&#8221; custom_padding=&#8221;0px||0px||false|false&#8221; global_colors_info=&#8221;{}&#8221;][et_pb_column type=&#8221;4_4&#8243; _builder_version=&#8221;4.16&#8243; global_colors_info=&#8221;{}&#8221;][et_pb_divider color=&#8221;#ffa300&#8243; _builder_version=&#8221;4.16&#8243; global_colors_info=&#8221;{}&#8221;][\/et_pb_divider][\/et_pb_column][\/et_pb_row][et_pb_row column_structure=&#8221;1_2,1_2&#8243; _builder_version=&#8221;4.16&#8243; custom_padding=&#8221;||50px|||&#8221; global_colors_info=&#8221;{}&#8221;][et_pb_column type=&#8221;1_2&#8243; _builder_version=&#8221;4.16&#8243; global_colors_info=&#8221;{}&#8221;][et_pb_text _builder_version=&#8221;4.16&#8243; text_text_color=&#8221;#ffffff&#8221; header_2_font=&#8221;|300|||||||&#8221; header_2_font_size=&#8221;20px&#8221; header_3_font=&#8221;|300|||||||&#8221; header_3_font_size=&#8221;20px&#8221; global_colors_info=&#8221;{}&#8221;]<\/p>\n<h3 style=\"text-align: center;\">Request for Quotation<\/h3>\n<p style=\"text-align: center;\"><a href=\"mailto:rfq@aludesign.pl\"> RFQ@aludesign.pl<\/a><\/p>\n<p>[\/et_pb_text][\/et_pb_column][et_pb_column type=&#8221;1_2&#8243; _builder_version=&#8221;4.16&#8243; global_colors_info=&#8221;{}&#8221;][et_pb_blurb title=&#8221;Visit ALUDESIGN &#8211; tips on how to organize the Trip&#8221; use_icon=&#8221;on&#8221; font_icon=&#8221;&#xe092;||divi||400&#8243; icon_color=&#8221;#ffffff&#8221; icon_placement=&#8221;left&#8221; disabled_on=&#8221;off|off|off&#8221; _builder_version=&#8221;4.16&#8243; background_color=&#8221;rgba(0,0,0,0)&#8221; custom_margin=&#8221;||||false|false&#8221; custom_padding=&#8221;|||50px|false|false&#8221; animation_style=&#8221;slide&#8221; animation_direction=&#8221;right&#8221; animation_duration=&#8221;1500ms&#8221; link_option_url=&#8221;https:\/\/www.aludesign.pl\/wp-content\/uploads\/2020\/06\/Visit-ALUDESIGN-Tips-how-to-organise-the-trip.pdf&#8221; link_option_url_new_window=&#8221;on&#8221; custom_css_blurb_title=&#8221;padding-top:10px;&#8221; border_color_all_image=&#8221;#ffffff&#8221; locked=&#8221;off&#8221; global_colors_info=&#8221;{}&#8221;][\/et_pb_blurb][\/et_pb_column][\/et_pb_row][et_pb_row _builder_version=&#8221;4.16&#8243; custom_margin=&#8221;0px||0px||false|false&#8221; custom_padding=&#8221;0px||0px||false|false&#8221; global_colors_info=&#8221;{}&#8221;][et_pb_column type=&#8221;4_4&#8243; _builder_version=&#8221;4.16&#8243; global_colors_info=&#8221;{}&#8221;][et_pb_divider color=&#8221;#ffa300&#8243; _builder_version=&#8221;4.16&#8243; global_colors_info=&#8221;{}&#8221;][\/et_pb_divider][\/et_pb_column][\/et_pb_row][et_pb_row _builder_version=&#8221;4.16&#8243; global_colors_info=&#8221;{}&#8221;][et_pb_column type=&#8221;4_4&#8243; _builder_version=&#8221;4.16&#8243; global_colors_info=&#8221;{}&#8221;][et_pb_text _builder_version=&#8221;4.16&#8243; animation_style=&#8221;bounce&#8221; global_colors_info=&#8221;{}&#8221;]<\/p>\n<h2 class=\"pomaranczowy-pasek\" style=\"text-align: center;\">GET IN TOUCH<\/h2>\n<p>[\/et_pb_text][et_pb_contact_form captcha=&#8221;off&#8221; email=&#8221;info@aludesign.pl&#8221; custom_message=&#8221;Imi\u0119 i nazwisko: %%Name%%||et_pb_line_break_holder||Telefon: %%Phone%%||et_pb_line_break_holder||Email: %%Email%%||et_pb_line_break_holder||Wiadomo\u015b\u0107: %%Message%%&#8221; use_redirect=&#8221;on&#8221; redirect_url=&#8221;https:\/\/www.aludesign.pl\/en\/thank-you-page\/&#8221; submit_button_text=&#8221;send&#8221; module_class=&#8221;ctm_form&#8221; _builder_version=&#8221;4.16&#8243; _unique_id=&#8221;2132a7f2-1f16-47b6-a2fd-012df7d81991&#8243; captcha_text_color=&#8221;#ffffff&#8221; custom_button=&#8221;on&#8221; button_text_color=&#8221;#373a36&#8243; button_bg_color=&#8221;#ffa300&#8243; button_font=&#8221;CubePro||||||||&#8221; border_radii=&#8221;on|3px|3px|3px|3px&#8221; global_colors_info=&#8221;{}&#8221;][et_pb_contact_field field_id=&#8221;Name&#8221; field_title=&#8221;name and surname&#8221; required_mark=&#8221;off&#8221; _builder_version=&#8221;4.16&#8243; global_colors_info=&#8221;{}&#8221; button_text_size__hover_enabled=&#8221;off&#8221; button_one_text_size__hover_enabled=&#8221;off&#8221; button_two_text_size__hover_enabled=&#8221;off&#8221; button_text_color__hover_enabled=&#8221;off&#8221; button_one_text_color__hover_enabled=&#8221;off&#8221; button_two_text_color__hover_enabled=&#8221;off&#8221; button_border_width__hover_enabled=&#8221;off&#8221; button_one_border_width__hover_enabled=&#8221;off&#8221; button_two_border_width__hover_enabled=&#8221;off&#8221; button_border_color__hover_enabled=&#8221;off&#8221; button_one_border_color__hover_enabled=&#8221;off&#8221; button_two_border_color__hover_enabled=&#8221;off&#8221; button_border_radius__hover_enabled=&#8221;off&#8221; button_one_border_radius__hover_enabled=&#8221;off&#8221; button_two_border_radius__hover_enabled=&#8221;off&#8221; button_letter_spacing__hover_enabled=&#8221;off&#8221; button_one_letter_spacing__hover_enabled=&#8221;off&#8221; button_two_letter_spacing__hover_enabled=&#8221;off&#8221; button_bg_color__hover_enabled=&#8221;off&#8221; button_one_bg_color__hover_enabled=&#8221;off&#8221; button_two_bg_color__hover_enabled=&#8221;off&#8221;][\/et_pb_contact_field][et_pb_contact_field field_id=&#8221;Phone&#8221; field_title=&#8221;phone number&#8221; min_length=&#8221;6&#8243; max_length=&#8221;25&#8243; required_mark=&#8221;off&#8221; _builder_version=&#8221;4.16&#8243; global_colors_info=&#8221;{}&#8221; button_text_size__hover_enabled=&#8221;off&#8221; button_one_text_size__hover_enabled=&#8221;off&#8221; button_two_text_size__hover_enabled=&#8221;off&#8221; button_text_color__hover_enabled=&#8221;off&#8221; button_one_text_color__hover_enabled=&#8221;off&#8221; button_two_text_color__hover_enabled=&#8221;off&#8221; button_border_width__hover_enabled=&#8221;off&#8221; button_one_border_width__hover_enabled=&#8221;off&#8221; button_two_border_width__hover_enabled=&#8221;off&#8221; button_border_color__hover_enabled=&#8221;off&#8221; button_one_border_color__hover_enabled=&#8221;off&#8221; button_two_border_color__hover_enabled=&#8221;off&#8221; button_border_radius__hover_enabled=&#8221;off&#8221; button_one_border_radius__hover_enabled=&#8221;off&#8221; button_two_border_radius__hover_enabled=&#8221;off&#8221; button_letter_spacing__hover_enabled=&#8221;off&#8221; button_one_letter_spacing__hover_enabled=&#8221;off&#8221; button_two_letter_spacing__hover_enabled=&#8221;off&#8221; button_bg_color__hover_enabled=&#8221;off&#8221; button_one_bg_color__hover_enabled=&#8221;off&#8221; button_two_bg_color__hover_enabled=&#8221;off&#8221;][\/et_pb_contact_field][et_pb_contact_field field_id=&#8221;Email&#8221; field_title=&#8221;e-mail address *&#8221; field_type=&#8221;email&#8221; _builder_version=&#8221;4.16&#8243; global_colors_info=&#8221;{}&#8221; button_text_size__hover_enabled=&#8221;off&#8221; button_one_text_size__hover_enabled=&#8221;off&#8221; button_two_text_size__hover_enabled=&#8221;off&#8221; button_text_color__hover_enabled=&#8221;off&#8221; button_one_text_color__hover_enabled=&#8221;off&#8221; button_two_text_color__hover_enabled=&#8221;off&#8221; button_border_width__hover_enabled=&#8221;off&#8221; button_one_border_width__hover_enabled=&#8221;off&#8221; button_two_border_width__hover_enabled=&#8221;off&#8221; button_border_color__hover_enabled=&#8221;off&#8221; button_one_border_color__hover_enabled=&#8221;off&#8221; button_two_border_color__hover_enabled=&#8221;off&#8221; button_border_radius__hover_enabled=&#8221;off&#8221; button_one_border_radius__hover_enabled=&#8221;off&#8221; button_two_border_radius__hover_enabled=&#8221;off&#8221; button_letter_spacing__hover_enabled=&#8221;off&#8221; button_one_letter_spacing__hover_enabled=&#8221;off&#8221; button_two_letter_spacing__hover_enabled=&#8221;off&#8221; button_bg_color__hover_enabled=&#8221;off&#8221; button_one_bg_color__hover_enabled=&#8221;off&#8221; button_two_bg_color__hover_enabled=&#8221;off&#8221;][\/et_pb_contact_field][et_pb_contact_field field_id=&#8221;Message&#8221; field_title=&#8221;your message *&#8221; field_type=&#8221;text&#8221; _builder_version=&#8221;4.16&#8243; global_colors_info=&#8221;{}&#8221; button_text_size__hover_enabled=&#8221;off&#8221; button_one_text_size__hover_enabled=&#8221;off&#8221; button_two_text_size__hover_enabled=&#8221;off&#8221; button_text_color__hover_enabled=&#8221;off&#8221; button_one_text_color__hover_enabled=&#8221;off&#8221; button_two_text_color__hover_enabled=&#8221;off&#8221; button_border_width__hover_enabled=&#8221;off&#8221; button_one_border_width__hover_enabled=&#8221;off&#8221; button_two_border_width__hover_enabled=&#8221;off&#8221; button_border_color__hover_enabled=&#8221;off&#8221; button_one_border_color__hover_enabled=&#8221;off&#8221; button_two_border_color__hover_enabled=&#8221;off&#8221; button_border_radius__hover_enabled=&#8221;off&#8221; button_one_border_radius__hover_enabled=&#8221;off&#8221; button_two_border_radius__hover_enabled=&#8221;off&#8221; button_letter_spacing__hover_enabled=&#8221;off&#8221; button_one_letter_spacing__hover_enabled=&#8221;off&#8221; button_two_letter_spacing__hover_enabled=&#8221;off&#8221; button_bg_color__hover_enabled=&#8221;off&#8221; button_one_bg_color__hover_enabled=&#8221;off&#8221; button_two_bg_color__hover_enabled=&#8221;off&#8221;][\/et_pb_contact_field][\/et_pb_contact_form][et_pb_text _builder_version=&#8221;4.16&#8243; text_text_color=&#8221;#ffffff&#8221; global_colors_info=&#8221;{}&#8221;]<\/p>\n<p style=\"text-align: right;\">required fields*<\/p>\n<p>[\/et_pb_text][\/et_pb_column][\/et_pb_row][et_pb_row _builder_version=&#8221;4.16&#8243; custom_margin=&#8221;0px||0px||false|false&#8221; custom_padding=&#8221;0px||0px||false|false&#8221; global_colors_info=&#8221;{}&#8221;][et_pb_column type=&#8221;4_4&#8243; _builder_version=&#8221;4.16&#8243; global_colors_info=&#8221;{}&#8221;][et_pb_divider color=&#8221;#ffa300&#8243; _builder_version=&#8221;4.16&#8243; global_colors_info=&#8221;{}&#8221;][\/et_pb_divider][et_pb_text _builder_version=&#8221;4.19.5&#8243; text_text_color=&#8221;#ffffff&#8221; header_2_font=&#8221;|300|||||||&#8221; header_2_font_size=&#8221;20px&#8221; header_3_font=&#8221;|300|||||||&#8221; header_3_font_size=&#8221;20px&#8221; link_option_url=&#8221;https:\/\/www.aludesign.pl\/wp-content\/uploads\/2023\/02\/OWZ_EN_16022023.pdf&#8221; global_colors_info=&#8221;{}&#8221;]<\/p>\n<h3 style=\"text-align: center;\">General Purchase Conditions<\/h3>\n<p style=\"text-align: center;\"><a href=\"https:\/\/www.aludesign.pl\/wp-content\/uploads\/2023\/02\/OWZ_EN_16022023.pdf\">GPC.PDF<\/a><\/p>\n<p>[\/et_pb_text][\/et_pb_column][\/et_pb_row][\/et_pb_section][et_pb_section fb_built=&#8221;1&#8243; fullwidth=&#8221;on&#8221; _builder_version=&#8221;4.16&#8243; background_color=&#8221;#ffa300&#8243; custom_margin=&#8221;0px||0px||false|false&#8221; custom_padding=&#8221;0px||0px||false|false&#8221; global_colors_info=&#8221;{}&#8221;][et_pb_fullwidth_code _builder_version=&#8221;4.16&#8243; custom_margin=&#8221;0px||0px||false|false&#8221; custom_padding=&#8221;0px||0px||false|false&#8221; global_colors_info=&#8221;{}&#8221;]<a name=\"map\"><\/a>[\/et_pb_fullwidth_code][\/et_pb_section][et_pb_section fb_built=&#8221;1&#8243; fullwidth=&#8221;on&#8221; _builder_version=&#8221;4.16&#8243; global_colors_info=&#8221;{}&#8221;][et_pb_fullwidth_code _builder_version=&#8221;4.16&#8243; global_colors_info=&#8221;{}&#8221;]<!-- [et_pb_line_break_holder] --><!-- place holder for map --><!-- [et_pb_line_break_holder] --><\/p>\n<div id=\"mapencja\"><\/div>\n<p><!-- [et_pb_line_break_holder] --><!-- [et_pb_line_break_holder] --><script><!-- [et_pb_line_break_holder] --> \/\/  create map object, tell it to live in 'map' div and give initial latitude, longitude, zoom values <!-- [et_pb_line_break_holder] -->  window.onload = smallonloadtest;<!-- [et_pb_line_break_holder] -->  \/\/window.onload = smallalttest;<!-- [et_pb_line_break_holder] --><!-- [et_pb_line_break_holder] -->function smallonloadtest()<!-- [et_pb_line_break_holder] -->{<!-- [et_pb_line_break_holder] -->  <!-- [et_pb_line_break_holder] -->    var map = L.map('mapencja', {scrollWheelZoom:false}).setView([51.038650, 18.420840], 6);<!-- [et_pb_line_break_holder] --><!-- [et_pb_line_break_holder] -->    \/\/  add base map tiles from OpenStreetMap and attribution info to 'map' div<!-- [et_pb_line_break_holder] -->    L.tileLayer('https:\/\/{s}.tile.osm.org\/{z}\/{x}\/{y}.png', {<!-- [et_pb_line_break_holder] -->    attribution: '\u00a9 <a href=\"https:\/\/osm.org\/copyright\">OpenStreetMap<\/a> contributors'<!-- [et_pb_line_break_holder] -->    }).addTo(map);<!-- [et_pb_line_break_holder] --><!-- [et_pb_line_break_holder] -->    \/\/ create custom icon<!-- [et_pb_line_break_holder] -->    var firefoxIcon = L.icon({<!-- [et_pb_line_break_holder] -->        iconUrl: 'https:\/\/www.aludesign.pl\/wp-content\/uploads\/2020\/02\/aludesign-ikonka-mapka-46-43.png',<!-- [et_pb_line_break_holder] -->        iconSize: [46, 43]<!-- [et_pb_line_break_holder] -->        });<!-- [et_pb_line_break_holder] --><!-- [et_pb_line_break_holder] -->    \/\/ create popup contents<!-- [et_pb_line_break_holder] -->    var customPopup = \"<pee><strong>Company\u2019s seat<\/strong><!\u2013- [et_pb_br_holder] -\u2013>ALUDESIGN S.A. (stock company)<!\u2013- [et_pb_br_holder] -\u2013>Byczy\u0144ska 37<!\u2013- [et_pb_br_holder] -\u2013>46-310 Gorz\u00f3w \u015al\u0105ski, Poland<!\u2013- [et_pb_br_holder] -\u2013> <a href='mailto:info@aludesign.pl' class='alu_pomaranczowy'>info@aludesign.pl<\/a><\/pee>\";<!-- [et_pb_line_break_holder] -->    <!-- [et_pb_line_break_holder] -->    \/\/ specify popup options <!-- [et_pb_line_break_holder] -->    var customOptions =<!-- [et_pb_line_break_holder] -->        {<!-- [et_pb_line_break_holder] -->        'maxWidth': '500',<!-- [et_pb_line_break_holder] -->        'className' : 'custom'<!-- [et_pb_line_break_holder] -->        }<!-- [et_pb_line_break_holder] -->    <!-- [et_pb_line_break_holder] -->    \/* pr\u00f3ba fix\u00f3w alt\u00f3w *\/<!-- [et_pb_line_break_holder] -->    \/*<!-- [et_pb_line_break_holder] -->    var altText = {}<!-- [et_pb_line_break_holder] -->    altText.toString = function () {<!-- [et_pb_line_break_holder] -->          return ''<!-- [et_pb_line_break_holder] -->    }<!-- [et_pb_line_break_holder] --><!-- [et_pb_line_break_holder] -->    altText.valueOf = function () {<!-- [et_pb_line_break_holder] -->        return true<!-- [et_pb_line_break_holder] -->    }<!-- [et_pb_line_break_holder] -->    , { alt: altText }<!-- [et_pb_line_break_holder] -->    <!-- [et_pb_line_break_holder] -->    *\/<!-- [et_pb_line_break_holder] -->    \/\/ create marker object, pass custom icon as option, pass content and options to popup, add to map<!-- [et_pb_line_break_holder] -->    L.marker([51.038650, 18.420840], {icon: firefoxIcon}).addTo(map).bindPopup(customPopup, customOptions).openPopup();<!-- [et_pb_line_break_holder] -->  <!-- [et_pb_line_break_holder] --><!-- [et_pb_line_break_holder] -->}<!-- [et_pb_line_break_holder] -->  <!-- [et_pb_line_break_holder] -->\/\/function smallalttest()<!-- [et_pb_line_break_holder] -->\/\/{<!-- [et_pb_line_break_holder] --><!-- [et_pb_line_break_holder] -->\/\/}<!-- [et_pb_line_break_holder] --><!-- [et_pb_line_break_holder] --><\/script><!-- [et_pb_line_break_holder] --><!-- [et_pb_line_break_holder] -->[\/et_pb_fullwidth_code][\/et_pb_section]<\/p>\n","protected":false},"excerpt":{"rendered":"<p>CONTACT USCompany\u2019s seat ALUDESIGN S.A. (stock company) Byczy\u0144ska 3746-310 Gorz\u00f3w \u015al\u0105ski, Poland tel. +48 34 350 54 50 info@aludesign.plHeadquarter \/ Invoicing ALUDESIGN S.A. (stock company)ul. Cieszy\u0144ska 23G43-170 \u0141aziska G\u00f3rne, PolandVAT Reg No: PL5272861210NCR: 0000744643\u00a0 \u00a0 tel. +48 518 806 669 e-mail: maciej.wolski@aludesign.pl\u00a0 \u00a0 \u00a0 tel. +48 603 294 242 e-mail: mateusz.machalica@aludesign.pl\u00a0 \u00a0 \u00a0\u00a0 \u00a0 \u00a0 [&hellip;]<\/p>\n","protected":false},"author":8,"featured_media":0,"parent":0,"menu_order":0,"comment_status":"closed","ping_status":"closed","template":"","meta":{"_et_pb_use_builder":"on","_et_pb_old_content":"[et_pb_section fb_built=\"1\" admin_label=\"section\" _i=\"0\" _address=\"0\" \/]","_et_gb_content_width":"","footnotes":""},"class_list":["post-852","page","type-page","status-publish","hentry"],"aioseo_notices":[],"_links":{"self":[{"href":"https:\/\/www.aludesign.pl\/en\/wp-json\/wp\/v2\/pages\/852","targetHints":{"allow":["GET"]}}],"collection":[{"href":"https:\/\/www.aludesign.pl\/en\/wp-json\/wp\/v2\/pages"}],"about":[{"href":"https:\/\/www.aludesign.pl\/en\/wp-json\/wp\/v2\/types\/page"}],"author":[{"embeddable":true,"href":"https:\/\/www.aludesign.pl\/en\/wp-json\/wp\/v2\/users\/8"}],"replies":[{"embeddable":true,"href":"https:\/\/www.aludesign.pl\/en\/wp-json\/wp\/v2\/comments?post=852"}],"version-history":[{"count":52,"href":"https:\/\/www.aludesign.pl\/en\/wp-json\/wp\/v2\/pages\/852\/revisions"}],"predecessor-version":[{"id":5707,"href":"https:\/\/www.aludesign.pl\/en\/wp-json\/wp\/v2\/pages\/852\/revisions\/5707"}],"wp:attachment":[{"href":"https:\/\/www.aludesign.pl\/en\/wp-json\/wp\/v2\/media?parent=852"}],"curies":[{"name":"wp","href":"https:\/\/api.w.org\/{rel}","templated":true}]}}