{"id":854,"date":"2020-03-16T12:26:12","date_gmt":"2020-03-16T11:26:12","guid":{"rendered":"http:\/\/nowa.aludesign.pl\/unternehmen\/"},"modified":"2020-04-08T18:39:33","modified_gmt":"2020-04-08T16:39:33","slug":"unternehmen","status":"publish","type":"page","link":"https:\/\/www.aludesign.pl\/de\/unternehmen\/","title":{"rendered":"Unternehmen"},"content":{"rendered":"<p>[et_pb_section fb_built=&#8221;1&#8243; fullwidth=&#8221;on&#8221; module_class=&#8221;naglowek-mm&#8221; _builder_version=&#8221;4.4.2&#8243;][et_pb_fullwidth_slider _builder_version=&#8221;4.4.2&#8243; min_height_tablet=&#8221;&#8221; min_height_phone=&#8221;100vw&#8221; min_height_last_edited=&#8221;on|phone&#8221; height=&#8221;100vh&#8221; custom_padding_tablet=&#8221;&#8221; custom_padding_phone=&#8221;30%||30%||false|false&#8221; custom_padding_last_edited=&#8221;on|phone&#8221; hover_enabled=&#8221;0&#8243; body_font_size_tablet=&#8221;&#8221; body_font_size_phone=&#8221;20px&#8221; body_font_size_last_edited=&#8221;on|phone&#8221;][et_pb_slide _builder_version=&#8221;4.4.2&#8243; background_color=&#8221;#ffffff&#8221; background_enable_color=&#8221;on&#8221; background_image=&#8221;https:\/\/www.aludesign.pl\/wp-content\/uploads\/2020\/01\/aludesign-firma-naglowek.jpg&#8221; background_enable_image=&#8221;on&#8221; hover_enabled=&#8221;0&#8243;]<img decoding=\"async\" src=\"https:\/\/www.aludesign.pl\/wp-content\/uploads\/2020\/01\/aludesign-ikona.png\" title=\"Aludesign-Symbol\" alt=\"Aludesign-Logo\" \/><\/p>\n<h1 class=\"pomaranczowy-pasek\">UNTERNEHMEN<\/h1>\n<p>ALUDESIGN bietet eine umfassende Palette<br \/>\nvon Dienstleistungen im Bereich der Konstruktion,<br \/>\ndes Formenbaus sowie der Herstellung und Bearbeitung von Druckgussteilen aus Aluminium.<\/p>\n<p><a href=\"#s1\"><img decoding=\"async\" src=\"https:\/\/www.aludesign.pl\/wp-content\/uploads\/2020\/03\/scroll-button.png\" class=\"strzalka-w-dol\" alt=\"scroll\"\/><\/a>[\/et_pb_slide][\/et_pb_fullwidth_slider][\/et_pb_section][et_pb_section fb_built=&#8221;1&#8243; fullwidth=&#8221;on&#8221; module_class=&#8221;pasek-pomaranczowy&#8221; _builder_version=&#8221;4.3.4&#8243; custom_margin=&#8221;-30px|0px|-30px|0px|true|false&#8221; custom_margin_tablet=&#8221;&#8221; custom_margin_phone=&#8221;&#8221; custom_margin_last_edited=&#8221;on|desktop&#8221; custom_padding=&#8221;0px|3%|0px|3%|false|false&#8221; global_module=&#8221;149&#8243; saved_tabs=&#8221;all&#8221;][\/et_pb_section][et_pb_section fb_built=&#8221;1&#8243; fullwidth=&#8221;on&#8221; _builder_version=&#8221;4.4.2&#8243; background_color=&#8221;#1d1e1d&#8221;][et_pb_fullwidth_image src=&#8221;https:\/\/www.aludesign.pl\/wp-content\/uploads\/2020\/03\/de-mapa-big-1.jpeg&#8221; _builder_version=&#8221;4.4.2&#8243; animation_style=&#8221;slide&#8221;][\/et_pb_fullwidth_image][\/et_pb_section][et_pb_section fb_built=&#8221;1&#8243; fullwidth=&#8221;on&#8221; _builder_version=&#8221;4.4.1&#8243;][et_pb_fullwidth_code _builder_version=&#8221;4.4.2&#8243; height=&#8221;0px&#8221; max_height=&#8221;0px&#8221; custom_margin=&#8221;0px||0px||false|false&#8221; custom_padding=&#8221;0px||0px||false|false&#8221;]<a name=\"s1\"><\/a>[\/et_pb_fullwidth_code][\/et_pb_section][et_pb_section fb_built=&#8221;1&#8243; module_class=&#8221;kolumna5050&#8243; _builder_version=&#8221;4.2.2&#8243; custom_margin=&#8221;0px||0px||false|false&#8221; custom_padding=&#8221;0px||0px||false|false&#8221;][et_pb_row column_structure=&#8221;1_2,1_2&#8243; make_equal=&#8221;on&#8221; module_class=&#8221;custom_row&#8221; _builder_version=&#8221;4.2.2&#8243; width=&#8221;100%&#8221; max_width=&#8221;2560px&#8221; custom_margin=&#8221;||||false|false&#8221; custom_padding=&#8221;0px||0px||false|false&#8221;][et_pb_column type=&#8221;1_2&#8243; module_class=&#8221;second-on-mobile&#8221; _builder_version=&#8221;4.2.2&#8243; custom_padding=&#8221;||||false|false&#8221;][et_pb_slider show_arrows=&#8221;off&#8221; _builder_version=&#8221;4.4.2&#8243; background_color=&#8221;#ffffff&#8221; min_height_tablet=&#8221;&#8221; min_height_phone=&#8221;100vw&#8221; min_height_last_edited=&#8221;on|phone&#8221; height=&#8221;100vh&#8221; custom_margin=&#8221;|0px|||false|false&#8221; custom_padding=&#8221;|0px|||false|false&#8221; auto=&#8221;on&#8221; auto_speed=&#8221;3500&#8243;][et_pb_slide _builder_version=&#8221;4.2.2&#8243; background_color=&#8221;#ffffff&#8221; background_enable_color=&#8221;on&#8221; background_image=&#8221;https:\/\/www.aludesign.pl\/wp-content\/uploads\/2020\/01\/aludesign-firma-doswiadczenie-baner-1.jpg&#8221; background_enable_image=&#8221;on&#8221;][\/et_pb_slide][\/et_pb_slider][\/et_pb_column][et_pb_column type=&#8221;1_2&#8243; module_class=&#8221;vertical-centred-text first-on-mobile&#8221; _builder_version=&#8221;4.2.2&#8243; custom_padding=&#8221;1%|10%|1%|10%|false|false&#8221; custom_padding_tablet=&#8221;&#8221; custom_padding_phone=&#8221;10%||10%||false|false&#8221; custom_padding_last_edited=&#8221;on|phone&#8221; custom_css_main_element=&#8221;margin: auto;&#8221;][et_pb_blurb image=&#8221;https:\/\/www.aludesign.pl\/wp-content\/uploads\/2020\/04\/aludesign-20-jahre.png&#8221; _builder_version=&#8221;4.4.2&#8243; custom_margin=&#8221;20px||20px||true|false&#8221; animation_style=&#8221;slide&#8221; animation_direction=&#8221;right&#8221; animation_duration=&#8221;1500ms&#8221; animation_direction_tablet=&#8221;&#8221; animation_direction_phone=&#8221;&#8221; animation_direction_last_edited=&#8221;on|desktop&#8221;]<\/p>\n<h2 class=\"pomaranczowy-pasek\" style=\"text-align: center;\">ERFAHRUNG<\/h2>\n<p style=\"text-align: center;\">Unser Produktionswerk ist seit fast 20 Jahren auf dem polnischen Markt t\u00e4tig und f\u00fchrt Auftr\u00e4ge aus ganz Europa aus.<\/p>\n<p>[\/et_pb_blurb][et_pb_image src=&#8221;https:\/\/www.aludesign.pl\/wp-content\/uploads\/2020\/03\/scroll-button.png&#8221; url=&#8221;#s2&#8243; align=&#8221;center&#8221; _builder_version=&#8221;4.4.2&#8243; animation_style=&#8221;slide&#8221; animation_direction=&#8221;right&#8221; animation_duration=&#8221;1500ms&#8221;][\/et_pb_image][\/et_pb_column][\/et_pb_row][\/et_pb_section][et_pb_section fb_built=&#8221;1&#8243; fullwidth=&#8221;on&#8221; _builder_version=&#8221;4.4.2&#8243;][et_pb_fullwidth_code _builder_version=&#8221;4.4.2&#8243; height=&#8221;0px&#8221; max_height=&#8221;0px&#8221; custom_margin=&#8221;0px||0px||false|false&#8221; custom_padding=&#8221;0px||0px||false|false&#8221;]<a name=\"s2\"><\/a>[\/et_pb_fullwidth_code][\/et_pb_section][et_pb_section fb_built=&#8221;1&#8243; module_class=&#8221;kolumna5050&#8243; _builder_version=&#8221;4.2.2&#8243; custom_margin=&#8221;0px||0px||false|false&#8221; custom_padding=&#8221;0px||0px||false|false&#8221;][et_pb_row column_structure=&#8221;1_2,1_2&#8243; make_equal=&#8221;on&#8221; _builder_version=&#8221;4.2.2&#8243; width=&#8221;100%&#8221; max_width=&#8221;2560px&#8221; custom_margin=&#8221;||||false|false&#8221; custom_padding=&#8221;0px||0px||false|false&#8221;][et_pb_column type=&#8221;1_2&#8243; module_class=&#8221;vertical-centred-text&#8221; _builder_version=&#8221;4.2.2&#8243; custom_padding=&#8221;1%|10%|1%|10%|false|false&#8221; custom_padding_tablet=&#8221;&#8221; custom_padding_phone=&#8221;10%||10%||false|false&#8221; custom_padding_last_edited=&#8221;on|phone&#8221; custom_css_main_element=&#8221;margin: auto;&#8221;][et_pb_blurb image=&#8221;https:\/\/www.aludesign.pl\/wp-content\/uploads\/2020\/01\/aludesign-firma-ikona-klienci.png&#8221; _builder_version=&#8221;4.4.2&#8243; custom_margin=&#8221;20px||20px||true|false&#8221; animation_style=&#8221;slide&#8221; animation_direction=&#8221;left&#8221; animation_duration=&#8221;1500ms&#8221;]<\/p>\n<h3 class=\"pomaranczowy-pasek\" style=\"text-align: center;\">KUNDEN<\/h3>\n<p style=\"text-align: center;\">Die Zielgruppe von ALUDESIGN umfasst die Branchen Automobil, Medizin und Beleuchtung sowie moderne B\u00fcrom\u00f6bel mit Aluminiumkomponenten.<\/p>\n<p>[\/et_pb_blurb][et_pb_image src=&#8221;https:\/\/www.aludesign.pl\/wp-content\/uploads\/2020\/03\/scroll-button.png&#8221; url=&#8221;#s3&#8243; align=&#8221;center&#8221; _builder_version=&#8221;4.4.2&#8243; animation_style=&#8221;slide&#8221; animation_direction=&#8221;left&#8221; animation_duration=&#8221;1500ms&#8221;][\/et_pb_image][\/et_pb_column][et_pb_column type=&#8221;1_2&#8243; _builder_version=&#8221;4.2.2&#8243; custom_padding=&#8221;||||false|false&#8221;][et_pb_slider show_arrows=&#8221;off&#8221; _builder_version=&#8221;4.4.2&#8243; background_color=&#8221;#ffffff&#8221; min_height_tablet=&#8221;&#8221; min_height_phone=&#8221;100vw&#8221; min_height_last_edited=&#8221;on|phone&#8221; height=&#8221;100vh&#8221; custom_margin=&#8221;|0px|||false|false&#8221; custom_padding=&#8221;|0px|||false|false&#8221; auto=&#8221;on&#8221; auto_speed=&#8221;3500&#8243;][et_pb_slide _builder_version=&#8221;4.2.2&#8243; background_color=&#8221;#ffffff&#8221; background_enable_color=&#8221;on&#8221; background_image=&#8221;https:\/\/www.aludesign.pl\/wp-content\/uploads\/2020\/01\/aludesign-firma-klienci-baner-1.jpg&#8221; background_enable_image=&#8221;on&#8221;][\/et_pb_slide][\/et_pb_slider][\/et_pb_column][\/et_pb_row][\/et_pb_section][et_pb_section fb_built=&#8221;1&#8243; fullwidth=&#8221;on&#8221; _builder_version=&#8221;4.4.2&#8243;][et_pb_fullwidth_code _builder_version=&#8221;4.4.2&#8243; height=&#8221;0px&#8221; max_height=&#8221;0px&#8221; custom_margin=&#8221;0px||0px||false|false&#8221; custom_padding=&#8221;0px||0px||false|false&#8221;]<a name=\"s3\"><\/a>[\/et_pb_fullwidth_code][\/et_pb_section][et_pb_section fb_built=&#8221;1&#8243; module_class=&#8221;kolumna5050&#8243; _builder_version=&#8221;4.2.2&#8243; custom_margin=&#8221;0px||0px||false|false&#8221; custom_padding=&#8221;0px||0px||false|false&#8221;][et_pb_row column_structure=&#8221;1_2,1_2&#8243; make_equal=&#8221;on&#8221; module_class=&#8221;custom_row&#8221; _builder_version=&#8221;4.2.2&#8243; width=&#8221;100%&#8221; max_width=&#8221;2560px&#8221; custom_margin=&#8221;||||false|false&#8221; custom_padding=&#8221;0px||0px||false|false&#8221;][et_pb_column type=&#8221;1_2&#8243; module_class=&#8221;second-on-mobile&#8221; _builder_version=&#8221;4.2.2&#8243; custom_padding=&#8221;||||false|false&#8221;][et_pb_slider show_arrows=&#8221;off&#8221; _builder_version=&#8221;4.4.2&#8243; background_color=&#8221;#ffffff&#8221; min_height_tablet=&#8221;&#8221; min_height_phone=&#8221;100vw&#8221; min_height_last_edited=&#8221;on|phone&#8221; height=&#8221;100vh&#8221; custom_margin=&#8221;|0px|||false|false&#8221; custom_padding=&#8221;|0px|||false|false&#8221; auto=&#8221;on&#8221; auto_speed=&#8221;3500&#8243;][et_pb_slide _builder_version=&#8221;4.2.2&#8243; background_color=&#8221;#ffffff&#8221; background_enable_color=&#8221;on&#8221; background_image=&#8221;https:\/\/www.aludesign.pl\/wp-content\/uploads\/2020\/01\/aludesign-firma-specjalisci-baner-1.jpg&#8221; background_enable_image=&#8221;on&#8221;][\/et_pb_slide][\/et_pb_slider][\/et_pb_column][et_pb_column type=&#8221;1_2&#8243; module_class=&#8221;vertical-centred-text first-on-mobile&#8221; _builder_version=&#8221;4.2.2&#8243; custom_padding=&#8221;1%|10%|1%|10%|false|false&#8221; custom_padding_tablet=&#8221;&#8221; custom_padding_phone=&#8221;10%||10%||false|false&#8221; custom_padding_last_edited=&#8221;on|phone&#8221; custom_css_main_element=&#8221;margin: auto;&#8221;][et_pb_blurb image=&#8221;https:\/\/www.aludesign.pl\/wp-content\/uploads\/2020\/01\/aludesign-firma-ikona-specjalisci.png&#8221; _builder_version=&#8221;4.4.2&#8243; custom_margin=&#8221;20px||20px||true|false&#8221; animation_style=&#8221;slide&#8221; animation_direction=&#8221;right&#8221; animation_duration=&#8221;1500ms&#8221;]<\/p>\n<h3 class=\"pomaranczowy-pasek\" style=\"text-align: center;\">SPEZIALISTEN<\/h3>\n<p style=\"text-align: center;\">Der Erfolg des Unternehmens basiert auf seinen qualifizierten Mitarbeitern und auf seinem Maschinenpark, der st\u00e4ndig modernisiert wird.<\/p>\n<p>[\/et_pb_blurb][\/et_pb_column][\/et_pb_row][\/et_pb_section]<\/p>\n","protected":false},"excerpt":{"rendered":"<p>UNTERNEHMEN ALUDESIGN bietet eine umfassende Palette von Dienstleistungen im Bereich der Konstruktion, des Formenbaus sowie der Herstellung und Bearbeitung von Druckgussteilen aus Aluminium. ERFAHRUNG Unser Produktionswerk ist seit fast 20 Jahren auf dem polnischen Markt t\u00e4tig und f\u00fchrt Auftr\u00e4ge aus ganz Europa aus.KUNDEN Die Zielgruppe von ALUDESIGN umfasst die Branchen Automobil, Medizin und Beleuchtung sowie [&hellip;]<\/p>\n","protected":false},"author":8,"featured_media":0,"parent":0,"menu_order":0,"comment_status":"closed","ping_status":"closed","template":"","meta":{"_et_pb_use_builder":"on","_et_pb_old_content":"[et_pb_section fb_built=\"1\" admin_label=\"section\" _i=\"0\" _address=\"0\" \/]","_et_gb_content_width":"","footnotes":""},"class_list":["post-854","page","type-page","status-publish","hentry"],"aioseo_notices":[],"_links":{"self":[{"href":"https:\/\/www.aludesign.pl\/de\/wp-json\/wp\/v2\/pages\/854","targetHints":{"allow":["GET"]}}],"collection":[{"href":"https:\/\/www.aludesign.pl\/de\/wp-json\/wp\/v2\/pages"}],"about":[{"href":"https:\/\/www.aludesign.pl\/de\/wp-json\/wp\/v2\/types\/page"}],"author":[{"embeddable":true,"href":"https:\/\/www.aludesign.pl\/de\/wp-json\/wp\/v2\/users\/8"}],"replies":[{"embeddable":true,"href":"https:\/\/www.aludesign.pl\/de\/wp-json\/wp\/v2\/comments?post=854"}],"version-history":[{"count":44,"href":"https:\/\/www.aludesign.pl\/de\/wp-json\/wp\/v2\/pages\/854\/revisions"}],"predecessor-version":[{"id":2624,"href":"https:\/\/www.aludesign.pl\/de\/wp-json\/wp\/v2\/pages\/854\/revisions\/2624"}],"wp:attachment":[{"href":"https:\/\/www.aludesign.pl\/de\/wp-json\/wp\/v2\/media?parent=854"}],"curies":[{"name":"wp","href":"https:\/\/api.w.org\/{rel}","templated":true}]}}